{"id":72,"date":"2018-10-23T20:41:11","date_gmt":"2018-10-23T18:41:11","guid":{"rendered":"https:\/\/www.sportfischer-hecht76.de\/wp-hecht\/?page_id=72"},"modified":"2018-10-24T12:20:17","modified_gmt":"2018-10-24T10:20:17","slug":"jugend","status":"publish","type":"page","link":"https:\/\/www.sportfischer-hecht76.de\/wp-hecht\/jugend\/","title":{"rendered":"Jugend"},"content":{"rendered":"<p>Unsere Jugend ist ein wichtiger Bestandteil des Vereins.<\/p>\n<p>Es liegt uns ganz besonders am Herzen unserem Nachwuchs schon fr\u00fchzeitig das Verhalten in der Natur und den richtigen Umgang mit Tieren und Pflanzen nahe zu bringen.<br \/>\nDenn nur wenn es uns gelingt, neben der Leidenschaft f\u00fcr das Angeln auch die Achtung vor der Natur zu vermitteln, werden aus Jungen und M\u00e4dchen waidgerechte und damit vollwertige Angler, die sp\u00e4ter einmal in unsere Fu\u00dfstapfen treten und im Verein Verantwortung \u00fcbernehmen.<br \/>\nIn unserem Fischereiverein sind zurzeit 20 Jugendliche Mitglieder die zwischen 10-18 Jahre alt sind.<br \/>\nDas Fischen ist f\u00fcr Jugendliche mit Jugendfischereischein nur in Begleitung eines Erwachsenen mit g\u00fcltigem Fischereischein erlaubt.<\/p>\n<p>Angeltipps:<br \/>\nWas ihr alles zum Fischen braucht:<br \/>\n&#8211; <strong> Jugendfischereischein <\/strong>dieser ist bei der Gemeinde erh\u00e4ltlich, er ist <strong>Pflicht<\/strong> und bis zum 18 Lebensjahr g\u00fcltig<br \/>\n&#8211; <strong>Unterfangkescher<\/strong> zum Landen<br \/>\n&#8211; <strong>Schlagholz<\/strong> zum Bet\u00e4uben<br \/>\n&#8211; <strong>Messer<\/strong> zum T\u00f6ten<br \/>\n&#8211; <strong>Arterienklemme oder\u00a0Zange <\/strong>als Hakenl\u00f6ser\u00a0zum Abk\u00f6dern<br \/>\n&#8211; <strong>Rachensperre<\/strong><\/p>\n","protected":false},"excerpt":{"rendered":"<p>Unsere Jugend ist ein wichtiger Bestandteil des Vereins. Es liegt uns ganz besonders am Herzen unserem Nachwuchs schon fr\u00fchzeitig das Verhalten in der Natur und den richtigen Umgang mit Tieren und Pflanzen nahe zu bringen. Denn nur wenn es uns gelingt, neben der Leidenschaft f\u00fcr das Angeln auch die Achtung vor der Natur zu vermitteln,&#8230;<\/p>\n","protected":false},"author":1,"featured_media":0,"parent":0,"menu_order":0,"comment_status":"closed","ping_status":"closed","template":"","meta":{"footnotes":""},"class_list":["post-72","page","type-page","status-publish","hentry"],"_links":{"self":[{"href":"https:\/\/www.sportfischer-hecht76.de\/wp-hecht\/wp-json\/wp\/v2\/pages\/72","targetHints":{"allow":["GET"]}}],"collection":[{"href":"https:\/\/www.sportfischer-hecht76.de\/wp-hecht\/wp-json\/wp\/v2\/pages"}],"about":[{"href":"https:\/\/www.sportfischer-hecht76.de\/wp-hecht\/wp-json\/wp\/v2\/types\/page"}],"author":[{"embeddable":true,"href":"https:\/\/www.sportfischer-hecht76.de\/wp-hecht\/wp-json\/wp\/v2\/users\/1"}],"replies":[{"embeddable":true,"href":"https:\/\/www.sportfischer-hecht76.de\/wp-hecht\/wp-json\/wp\/v2\/comments?post=72"}],"version-history":[{"count":4,"href":"https:\/\/www.sportfischer-hecht76.de\/wp-hecht\/wp-json\/wp\/v2\/pages\/72\/revisions"}],"predecessor-version":[{"id":132,"href":"https:\/\/www.sportfischer-hecht76.de\/wp-hecht\/wp-json\/wp\/v2\/pages\/72\/revisions\/132"}],"wp:attachment":[{"href":"https:\/\/www.sportfischer-hecht76.de\/wp-hecht\/wp-json\/wp\/v2\/media?parent=72"}],"curies":[{"name":"wp","href":"https:\/\/api.w.org\/{rel}","templated":true}]}}