{"id":70,"date":"2018-10-23T20:41:11","date_gmt":"2018-10-23T18:41:11","guid":{"rendered":"https:\/\/www.sportfischer-hecht76.de\/wp-hecht\/?page_id=70"},"modified":"2021-04-06T13:12:47","modified_gmt":"2021-04-06T11:12:47","slug":"tageskarten","status":"publish","type":"page","link":"https:\/\/www.sportfischer-hecht76.de\/wp-hecht\/tageskarten\/","title":{"rendered":"Tageskarten"},"content":{"rendered":"<p>Tageskarten sind <strong>f\u00fcr passive Mitglieder f\u00fcr den Baggerweiher<\/strong> erh\u00e4ltlich.<\/p>\n<p>Gastfischer k\u00f6nnen mit einer Tageskarte lt. Satzung nur mit einem aktiven Mitglied fischen.<\/p>\n<p>\u00a0<\/p>\n<p><strong>Preis Tageskarte passives Mitglied : 15 Euro \/ Tag<\/strong><\/p>\n<p><strong>Preis Tageskarte Gastfischer : 20 Euro \/ Tag<\/strong><\/p>\n<p>\u00a0<\/p>\n<p>Erh\u00e4ltlich sind diese unter der folgenden Nummer per Anruf, SMS oder Whatsapp:<strong> 0151-57446798<\/strong><\/p>\n<p>Die Abgabe erfolgt im Briefkasten an der Fischerh\u00fctte.<\/p>\n\n\n<p><\/p>\n","protected":false},"excerpt":{"rendered":"<p>Tageskarten sind f\u00fcr passive Mitglieder f\u00fcr den Baggerweiher erh\u00e4ltlich. Gastfischer k\u00f6nnen mit einer Tageskarte lt. Satzung nur mit einem aktiven Mitglied fischen. \u00a0 Preis Tageskarte passives Mitglied : 15 Euro \/ Tag Preis Tageskarte Gastfischer : 20 Euro \/ Tag \u00a0 Erh\u00e4ltlich sind diese unter der folgenden Nummer per Anruf, SMS oder Whatsapp: 0151-57446798 Die&#8230;<\/p>\n","protected":false},"author":1,"featured_media":0,"parent":0,"menu_order":0,"comment_status":"closed","ping_status":"closed","template":"","meta":{"footnotes":""},"class_list":["post-70","page","type-page","status-publish","hentry"],"_links":{"self":[{"href":"https:\/\/www.sportfischer-hecht76.de\/wp-hecht\/wp-json\/wp\/v2\/pages\/70","targetHints":{"allow":["GET"]}}],"collection":[{"href":"https:\/\/www.sportfischer-hecht76.de\/wp-hecht\/wp-json\/wp\/v2\/pages"}],"about":[{"href":"https:\/\/www.sportfischer-hecht76.de\/wp-hecht\/wp-json\/wp\/v2\/types\/page"}],"author":[{"embeddable":true,"href":"https:\/\/www.sportfischer-hecht76.de\/wp-hecht\/wp-json\/wp\/v2\/users\/1"}],"replies":[{"embeddable":true,"href":"https:\/\/www.sportfischer-hecht76.de\/wp-hecht\/wp-json\/wp\/v2\/comments?post=70"}],"version-history":[{"count":10,"href":"https:\/\/www.sportfischer-hecht76.de\/wp-hecht\/wp-json\/wp\/v2\/pages\/70\/revisions"}],"predecessor-version":[{"id":258,"href":"https:\/\/www.sportfischer-hecht76.de\/wp-hecht\/wp-json\/wp\/v2\/pages\/70\/revisions\/258"}],"wp:attachment":[{"href":"https:\/\/www.sportfischer-hecht76.de\/wp-hecht\/wp-json\/wp\/v2\/media?parent=70"}],"curies":[{"name":"wp","href":"https:\/\/api.w.org\/{rel}","templated":true}]}}