{"id":68,"date":"2018-10-23T20:41:11","date_gmt":"2018-10-23T18:41:11","guid":{"rendered":"https:\/\/www.sportfischer-hecht76.de\/wp-hecht\/?page_id=68"},"modified":"2018-10-23T22:44:59","modified_gmt":"2018-10-23T20:44:59","slug":"herretshofer-weiher","status":"publish","type":"page","link":"https:\/\/www.sportfischer-hecht76.de\/wp-hecht\/herretshofer-weiher\/","title":{"rendered":"Herretshofer Weiher"},"content":{"rendered":"<p>Dieses Gew\u00e4sser befindet sich S\u00fcd\u00f6stlich von Herretshofen und hat eine Gr\u00f6\u00dfe von 3 Hektar.<\/p>\n<p>Dieser wird alle zwei Jahre im Oktober abgefischt, nachdem wir ihn entweder im Sp\u00e4therbst oder im Fr\u00fchjahr mit Fischen besetzt haben. Er ist Heimat vor allem f\u00fcr Karpfen und Kleinfischen wie Rotaugen und Rotfedern, sowie auch Hechten.<\/p>\n<p>In diesem Gew\u00e4sser ruht die Angelfischerei ganzj\u00e4hrig um unserem Fischnachwuchs ein stressfreies Heranwachsen zu erm\u00f6glichen.<\/p>\n<p>Fischarten:<\/p>\n<p>&#8211; Hecht<\/p>\n<p>&#8211; Karpfen<\/p>\n<p>&#8211; Schleie<\/p>\n<p>&#8211; Nase<\/p>\n<p>&#8211; Rotauge<\/p>\n<p>&#8211; Rotfeder<\/p>\n<p><img loading=\"lazy\" decoding=\"async\" class=\"alignnone size-medium wp-image-104\" src=\"https:\/\/www.sportfischer-hecht76.de\/wp-hecht\/wp-content\/uploads\/2018\/10\/Herretshofen_2-300x227.jpg\" alt=\"\" width=\"300\" height=\"227\" srcset=\"https:\/\/www.sportfischer-hecht76.de\/wp-hecht\/wp-content\/uploads\/2018\/10\/Herretshofen_2-300x227.jpg 300w, https:\/\/www.sportfischer-hecht76.de\/wp-hecht\/wp-content\/uploads\/2018\/10\/Herretshofen_2.jpg 550w\" sizes=\"auto, (max-width: 300px) 100vw, 300px\" \/><\/p>\n<p><img loading=\"lazy\" decoding=\"async\" class=\"alignnone size-medium wp-image-111\" src=\"https:\/\/www.sportfischer-hecht76.de\/wp-hecht\/wp-content\/uploads\/2018\/10\/Herretshofen_1-300x230.jpg\" alt=\"\" width=\"300\" height=\"230\" srcset=\"https:\/\/www.sportfischer-hecht76.de\/wp-hecht\/wp-content\/uploads\/2018\/10\/Herretshofen_1-300x230.jpg 300w, https:\/\/www.sportfischer-hecht76.de\/wp-hecht\/wp-content\/uploads\/2018\/10\/Herretshofen_1.jpg 550w\" sizes=\"auto, (max-width: 300px) 100vw, 300px\" \/><\/p>\n","protected":false},"excerpt":{"rendered":"<p>Dieses Gew\u00e4sser befindet sich S\u00fcd\u00f6stlich von Herretshofen und hat eine Gr\u00f6\u00dfe von 3 Hektar. Dieser wird alle zwei Jahre im Oktober abgefischt, nachdem wir ihn entweder im Sp\u00e4therbst oder im Fr\u00fchjahr mit Fischen besetzt haben. Er ist Heimat vor allem f\u00fcr Karpfen und Kleinfischen wie Rotaugen und Rotfedern, sowie auch Hechten. In diesem Gew\u00e4sser ruht&#8230;<\/p>\n","protected":false},"author":1,"featured_media":0,"parent":0,"menu_order":0,"comment_status":"closed","ping_status":"closed","template":"","meta":{"footnotes":""},"class_list":["post-68","page","type-page","status-publish","hentry"],"_links":{"self":[{"href":"https:\/\/www.sportfischer-hecht76.de\/wp-hecht\/wp-json\/wp\/v2\/pages\/68","targetHints":{"allow":["GET"]}}],"collection":[{"href":"https:\/\/www.sportfischer-hecht76.de\/wp-hecht\/wp-json\/wp\/v2\/pages"}],"about":[{"href":"https:\/\/www.sportfischer-hecht76.de\/wp-hecht\/wp-json\/wp\/v2\/types\/page"}],"author":[{"embeddable":true,"href":"https:\/\/www.sportfischer-hecht76.de\/wp-hecht\/wp-json\/wp\/v2\/users\/1"}],"replies":[{"embeddable":true,"href":"https:\/\/www.sportfischer-hecht76.de\/wp-hecht\/wp-json\/wp\/v2\/comments?post=68"}],"version-history":[{"count":2,"href":"https:\/\/www.sportfischer-hecht76.de\/wp-hecht\/wp-json\/wp\/v2\/pages\/68\/revisions"}],"predecessor-version":[{"id":116,"href":"https:\/\/www.sportfischer-hecht76.de\/wp-hecht\/wp-json\/wp\/v2\/pages\/68\/revisions\/116"}],"wp:attachment":[{"href":"https:\/\/www.sportfischer-hecht76.de\/wp-hecht\/wp-json\/wp\/v2\/media?parent=68"}],"curies":[{"name":"wp","href":"https:\/\/api.w.org\/{rel}","templated":true}]}}