{"id":64,"date":"2018-10-23T20:41:11","date_gmt":"2018-10-23T18:41:11","guid":{"rendered":"https:\/\/www.sportfischer-hecht76.de\/wp-hecht\/?page_id=64"},"modified":"2018-10-24T12:06:40","modified_gmt":"2018-10-24T10:06:40","slug":"ghag-weiher","status":"publish","type":"page","link":"https:\/\/www.sportfischer-hecht76.de\/wp-hecht\/ghag-weiher\/","title":{"rendered":"Ghag Weiher"},"content":{"rendered":"<p>Dieser See am Ortsausgang von Babenhausen ist haupts\u00e4chlich mit Karpfen, Schleien und Kleinfischen wie Rotaugen und Rotfedern besetzt. Ebenfalls wird der See alle 3 Jahre nach dem Abfischen mit Hechten besetzt. Diese k\u00f6nnen hier fast ungest\u00f6rt heran wachsen.<br \/>\nAbh\u00e4ngig vom Kleinfischbestand k\u00f6nnen sich\u00a0hier auch\u00a0Raubfische wie Hecht, Zander und Barsch pr\u00e4chtig entwickeln.<\/p>\n<p>Fischarten:<br \/>\n&#8211; Karpfen<br \/>\n&#8211; Schleie<br \/>\n&#8211; Hecht<br \/>\n&#8211; Barsch<br \/>\n&#8211; Rotauge<\/p><\/div>\n<p>&#8211; Rotfeder<\/p>\n<p>Der Fuggerweiher ist zum Fischen f\u00fcr alle aktive und passive\u00a0Mitglieder mit Tageskarten\u00a0freigegeben, wobei Raubfische gesperrt sind.<\/p>\n<p><img loading=\"lazy\" decoding=\"async\" class=\"alignnone size-medium wp-image-110\" src=\"https:\/\/www.sportfischer-hecht76.de\/wp-hecht\/wp-content\/uploads\/2018\/10\/fugger2-Custom-300x189.jpg\" alt=\"\" width=\"300\" height=\"189\" srcset=\"https:\/\/www.sportfischer-hecht76.de\/wp-hecht\/wp-content\/uploads\/2018\/10\/fugger2-Custom-300x189.jpg 300w, https:\/\/www.sportfischer-hecht76.de\/wp-hecht\/wp-content\/uploads\/2018\/10\/fugger2-Custom.jpg 550w\" sizes=\"auto, (max-width: 300px) 100vw, 300px\" \/><\/p>\n<p><img loading=\"lazy\" decoding=\"async\" class=\"alignnone size-medium wp-image-109\" src=\"https:\/\/www.sportfischer-hecht76.de\/wp-hecht\/wp-content\/uploads\/2018\/10\/fugger1-Custom-300x221.jpg\" alt=\"\" width=\"300\" height=\"221\" srcset=\"https:\/\/www.sportfischer-hecht76.de\/wp-hecht\/wp-content\/uploads\/2018\/10\/fugger1-Custom-300x221.jpg 300w, https:\/\/www.sportfischer-hecht76.de\/wp-hecht\/wp-content\/uploads\/2018\/10\/fugger1-Custom.jpg 550w\" sizes=\"auto, (max-width: 300px) 100vw, 300px\" \/><\/p>\n","protected":false},"excerpt":{"rendered":"<p>Dieser See am Ortsausgang von Babenhausen ist haupts\u00e4chlich mit Karpfen, Schleien und Kleinfischen wie Rotaugen und Rotfedern besetzt. Ebenfalls wird der See alle 3 Jahre nach dem Abfischen mit Hechten besetzt. Diese k\u00f6nnen hier fast ungest\u00f6rt heran wachsen. Abh\u00e4ngig vom Kleinfischbestand k\u00f6nnen sich\u00a0hier auch\u00a0Raubfische wie Hecht, Zander und Barsch pr\u00e4chtig entwickeln. Fischarten: &#8211; Karpfen &#8211;&#8230;<\/p>\n","protected":false},"author":1,"featured_media":0,"parent":0,"menu_order":0,"comment_status":"closed","ping_status":"closed","template":"","meta":{"footnotes":""},"class_list":["post-64","page","type-page","status-publish","hentry"],"_links":{"self":[{"href":"https:\/\/www.sportfischer-hecht76.de\/wp-hecht\/wp-json\/wp\/v2\/pages\/64","targetHints":{"allow":["GET"]}}],"collection":[{"href":"https:\/\/www.sportfischer-hecht76.de\/wp-hecht\/wp-json\/wp\/v2\/pages"}],"about":[{"href":"https:\/\/www.sportfischer-hecht76.de\/wp-hecht\/wp-json\/wp\/v2\/types\/page"}],"author":[{"embeddable":true,"href":"https:\/\/www.sportfischer-hecht76.de\/wp-hecht\/wp-json\/wp\/v2\/users\/1"}],"replies":[{"embeddable":true,"href":"https:\/\/www.sportfischer-hecht76.de\/wp-hecht\/wp-json\/wp\/v2\/comments?post=64"}],"version-history":[{"count":4,"href":"https:\/\/www.sportfischer-hecht76.de\/wp-hecht\/wp-json\/wp\/v2\/pages\/64\/revisions"}],"predecessor-version":[{"id":120,"href":"https:\/\/www.sportfischer-hecht76.de\/wp-hecht\/wp-json\/wp\/v2\/pages\/64\/revisions\/120"}],"wp:attachment":[{"href":"https:\/\/www.sportfischer-hecht76.de\/wp-hecht\/wp-json\/wp\/v2\/media?parent=64"}],"curies":[{"name":"wp","href":"https:\/\/api.w.org\/{rel}","templated":true}]}}