{"id":62,"date":"2018-10-23T20:41:11","date_gmt":"2018-10-23T18:41:11","guid":{"rendered":"https:\/\/www.sportfischer-hecht76.de\/wp-hecht\/?page_id=62"},"modified":"2018-10-24T12:05:37","modified_gmt":"2018-10-24T10:05:37","slug":"baggerweiher","status":"publish","type":"page","link":"https:\/\/www.sportfischer-hecht76.de\/wp-hecht\/baggerweiher\/","title":{"rendered":"Baggerweiher"},"content":{"rendered":"<p>Unser gr\u00f6\u00dfter See in Babenhausen bietet hervorragende Fangaussichten auf Karpfen und ist Hauptangelweiher unseres Vereins.<br \/>\nDer See selbst verf\u00fcgt \u00fcber einen sehr guten Raub- und K\u00f6derfischbestand.<br \/>\nIm Fr\u00fchjahr werden noch Regenbogenforellen eingesetzt.<br \/>\nAn diesem Weiher findet auch unser j\u00e4hrliches K\u00f6nigsfischen statt.<br \/>\nEr ist unser am besten erschlossene See, was Angelpl\u00e4tze anbelangt.<\/p>\n<p>Fischarten:<br \/>\n&#8211; Hecht<br \/>\n&#8211; Zander<br \/>\n&#8211; Barsch<br \/>\n&#8211; Karpfen<br \/>\n&#8211; Schleie<br \/>\n&#8211; Regenbogenforelle<br \/>\n&#8211; Aal<br \/>\n&#8211; Rotauge<br \/>\n&#8211; Rotfeder<\/p>\n<p>F\u00fcr den Baggerweiher k\u00f6nnen passive Vereinsmitglieder Tageskarten erwerben.<\/p>\n<p><img loading=\"lazy\" decoding=\"async\" class=\"alignnone size-medium wp-image-105\" src=\"https:\/\/www.sportfischer-hecht76.de\/wp-hecht\/wp-content\/uploads\/2018\/10\/bagger1-Custom-300x195.jpg\" alt=\"\" width=\"300\" height=\"195\" srcset=\"https:\/\/www.sportfischer-hecht76.de\/wp-hecht\/wp-content\/uploads\/2018\/10\/bagger1-Custom-300x195.jpg 300w, https:\/\/www.sportfischer-hecht76.de\/wp-hecht\/wp-content\/uploads\/2018\/10\/bagger1-Custom.jpg 550w\" sizes=\"auto, (max-width: 300px) 100vw, 300px\" \/><\/p>\n<p><img loading=\"lazy\" decoding=\"async\" class=\"alignnone size-medium wp-image-106\" src=\"https:\/\/www.sportfischer-hecht76.de\/wp-hecht\/wp-content\/uploads\/2018\/10\/bagger2-Custom-300x195.jpg\" alt=\"\" width=\"300\" height=\"195\" srcset=\"https:\/\/www.sportfischer-hecht76.de\/wp-hecht\/wp-content\/uploads\/2018\/10\/bagger2-Custom-300x195.jpg 300w, https:\/\/www.sportfischer-hecht76.de\/wp-hecht\/wp-content\/uploads\/2018\/10\/bagger2-Custom.jpg 550w\" sizes=\"auto, (max-width: 300px) 100vw, 300px\" \/><\/p>\n","protected":false},"excerpt":{"rendered":"<p>Unser gr\u00f6\u00dfter See in Babenhausen bietet hervorragende Fangaussichten auf Karpfen und ist Hauptangelweiher unseres Vereins. Der See selbst verf\u00fcgt \u00fcber einen sehr guten Raub- und K\u00f6derfischbestand. Im Fr\u00fchjahr werden noch Regenbogenforellen eingesetzt. An diesem Weiher findet auch unser j\u00e4hrliches K\u00f6nigsfischen statt. Er ist unser am besten erschlossene See, was Angelpl\u00e4tze anbelangt. Fischarten: &#8211; Hecht &#8211;&#8230;<\/p>\n","protected":false},"author":1,"featured_media":0,"parent":0,"menu_order":0,"comment_status":"closed","ping_status":"closed","template":"","meta":{"footnotes":""},"class_list":["post-62","page","type-page","status-publish","hentry"],"_links":{"self":[{"href":"https:\/\/www.sportfischer-hecht76.de\/wp-hecht\/wp-json\/wp\/v2\/pages\/62","targetHints":{"allow":["GET"]}}],"collection":[{"href":"https:\/\/www.sportfischer-hecht76.de\/wp-hecht\/wp-json\/wp\/v2\/pages"}],"about":[{"href":"https:\/\/www.sportfischer-hecht76.de\/wp-hecht\/wp-json\/wp\/v2\/types\/page"}],"author":[{"embeddable":true,"href":"https:\/\/www.sportfischer-hecht76.de\/wp-hecht\/wp-json\/wp\/v2\/users\/1"}],"replies":[{"embeddable":true,"href":"https:\/\/www.sportfischer-hecht76.de\/wp-hecht\/wp-json\/wp\/v2\/comments?post=62"}],"version-history":[{"count":2,"href":"https:\/\/www.sportfischer-hecht76.de\/wp-hecht\/wp-json\/wp\/v2\/pages\/62\/revisions"}],"predecessor-version":[{"id":115,"href":"https:\/\/www.sportfischer-hecht76.de\/wp-hecht\/wp-json\/wp\/v2\/pages\/62\/revisions\/115"}],"wp:attachment":[{"href":"https:\/\/www.sportfischer-hecht76.de\/wp-hecht\/wp-json\/wp\/v2\/media?parent=62"}],"curies":[{"name":"wp","href":"https:\/\/api.w.org\/{rel}","templated":true}]}}